{"id":308,"date":"2025-06-03T15:36:26","date_gmt":"2025-06-03T18:36:26","guid":{"rendered":"https:\/\/zpbr.org\/?page_id=308"},"modified":"2025-10-01T14:59:18","modified_gmt":"2025-10-01T17:59:18","slug":"relato-retiro-2025","status":"publish","type":"page","link":"https:\/\/zpbr.org\/en\/relato-retiro-2025\/","title":{"rendered":"relato retiro 2025"},"content":{"rendered":"<div data-elementor-type=\"wp-page\" data-elementor-id=\"308\" class=\"elementor elementor-308\" data-elementor-post-type=\"page\">\n\t\t\t\t<div class=\"elementor-element elementor-element-4ccef44 e-flex e-con-boxed e-con e-parent\" data-id=\"4ccef44\" data-element_type=\"container\" data-e-type=\"container\">\n\t\t\t\t\t<div class=\"e-con-inner\">\n\t\t\t\t<div class=\"elementor-element elementor-element-b5fafd1 elementor-widget elementor-widget-image\" data-id=\"b5fafd1\" data-element_type=\"widget\" data-e-type=\"widget\" data-widget_type=\"image.default\">\n\t\t\t\t<div class=\"elementor-widget-container\">\n\t\t\t\t\t\t\t\t\t\t\t\t\t\t\t<img fetchpriority=\"high\" decoding=\"async\" width=\"504\" height=\"495\" src=\"https:\/\/zpbr.org\/wp-content\/uploads\/2025\/02\/Logo-Shinryu-adapt-circle-removebg-preview.png\" class=\"attachment-large size-large wp-image-140\" alt=\"\" srcset=\"https:\/\/zpbr.org\/wp-content\/uploads\/2025\/02\/Logo-Shinryu-adapt-circle-removebg-preview.png 504w, https:\/\/zpbr.org\/wp-content\/uploads\/2025\/02\/Logo-Shinryu-adapt-circle-removebg-preview-300x295.png 300w\" sizes=\"(max-width: 504px) 100vw, 504px\" \/>\t\t\t\t\t\t\t\t\t\t\t\t\t\t\t<\/div>\n\t\t\t\t<\/div>\n\t\t\t\t<div class=\"elementor-element elementor-element-7b60ff2 elementor-widget elementor-widget-html\" data-id=\"7b60ff2\" data-element_type=\"widget\" data-e-type=\"widget\" data-widget_type=\"html.default\">\n\t\t\t\t<div class=\"elementor-widget-container\">\n\t\t\t\t\t<!DOCTYPE html>\n<html lang=\"pt-BR\">\n<head>\n    <meta charset=\"UTF-8\">\n    <meta name=\"viewport\" content=\"width=device-width, initial-scale=1.0\">\n    <title>Ecos de uma Travessia | Jornada no Brasil: Monge Koho & Monja Daien<\/title>\n    <script src=\"https:\/\/cdn.tailwindcss.com\"><\/script>\n    <link rel=\"preconnect\" href=\"https:\/\/fonts.googleapis.com\">\n    <link rel=\"preconnect\" href=\"https:\/\/fonts.gstatic.com\" crossorigin>\n    <link href=\"https:\/\/fonts.googleapis.com\/css2?family=Koho:ital,wght@0,200;0,300;0,400;0,500;0,600;0,700;1,200;1,300;1,400;1,500;1,600;1,700&display=swap\" rel=\"stylesheet\">\n    <link rel=\"stylesheet\" href=\"https:\/\/cdn.jsdelivr.net\/npm\/basiclightbox@5.0.4\/dist\/basicLightbox.min.css\">\n    <style>\n        body {\n            font-family: 'Koho', sans-serif;\n            background-color: #F9FAFB; \/* Fundo suave *\/\n            color: #3D3F42; \/* Nova cor principal para texto base *\/\n            -webkit-font-smoothing: antialiased;\n            -moz-osx-font-smoothing: grayscale;\n            line-height: 1.7;\n        }\n        .image-wrapper { \/* Cont\u00eainer para imagens clic\u00e1veis *\/\n            display: block; \/* Garante que o link se comporte como bloco *\/\n            background-color: #f3f4f6; \/* bg-gray-100 - Fundo para letterboxing *\/\n            border-radius: 0.5rem; \/* rounded-lg *\/\n            overflow: hidden; \/* Garante que a imagem n\u00e3o ultrapasse as bordas arredondadas *\/\n        }\n        .event-card .image-wrapper img,\n        .gallery-grid .image-wrapper img,\n        .intro-map .image-wrapper img {\n            cursor: pointer; \/* Indica que a imagem \u00e9 clic\u00e1vel *\/\n            transition: opacity 0.3s ease;\n            width: 100%; \/* Faz a imagem preencher a largura do wrapper *\/\n            height: 100%; \/* Faz a imagem preencher a altura do wrapper *\/\n            object-fit: contain; \/* Mostra a imagem inteira, pode criar barras *\/\n        }\n        .event-card .image-wrapper img:hover,\n        .gallery-grid .image-wrapper img:hover,\n        .intro-map .image-wrapper img:hover {\n            opacity: 0.85;\n        }\n        .event-card .image-wrapper { \/* Altura espec\u00edfica para imagens nos cards de evento *\/\n            height: 250px; \/* Ajuste esta altura conforme necess\u00e1rio *\/\n        }\n         .gallery-grid .image-wrapper { \/* Altura espec\u00edfica para imagens na galeria *\/\n            height: 250px;\n        }\n        .intro-map .image-wrapper { \/* Para o mapa na introdu\u00e7\u00e3o *\/\n            max-width: 100%; \/* Garante que n\u00e3o exceda o cont\u00eainer pai *\/\n             height: auto; \/* Altura autom\u00e1tica para manter propor\u00e7\u00e3o *\/\n        }\n         .intro-map .image-wrapper img {\n            max-height: 450px; \/* Limita altura m\u00e1xima do mapa, se necess\u00e1rio *\/\n         }\n\n\n        .hero-bg-image {\n            background-image: url('https:\/\/simpleschool.ch\/wp-content\/uploads\/2025\/05\/000-2025-04-04-Rumo-ao-Sul.webp');\n            background-size: cover;\n            background-position: center center;\n            min-height: 60vh;\n        }\n        .timeline-item + .timeline-item {\n            margin-top: 3rem;\n        }\n        .gallery-grid {\n            display: grid;\n            grid-template-columns: repeat(auto-fit, minmax(280px, 1fr));\n            gap: 1rem;\n        }\n        .text-theme-primary {\n            color: #3D3F42;\n        }\n        .bg-theme-accent {\n            background-color: #ECEFF1;\n        }\n        .prose-custom {\n            font-size: 1.125rem;\n            line-height: 1.75;\n            color: #3D3F42;\n        }\n        .prose-custom p {\n            margin-bottom: 1.25em;\n        }\n        .prose-custom h2 {\n            font-size: 1.875rem;\n            font-weight: 600;\n            color: #3D3F42;\n            margin-bottom: 1em;\n            margin-top: 1.5em;\n        }\n        .prose-custom h3 {\n            font-size: 1.5rem;\n            font-weight: 600;\n            color: #3D3F42;\n            margin-bottom: 0.75em;\n            margin-top: 1.25em;\n        }\n        .prose-custom strong {\n            font-weight: 600;\n            color: #3D3F42;\n        }\n        .prose-custom ul {\n            list-style-position: inside;\n            padding-left: 0;\n        }\n        .prose-custom ul li {\n            margin-bottom: 0.5em;\n            padding-left: 1.5em;\n            position: relative;\n        }\n        .prose-custom ul li::before {\n            content: '\u2728';\n            position: absolute;\n            left: 0;\n            color: #3D3F42;\n        }\n    <\/style>\n<\/head>\n<body data-rsssl=\"1\" class=\"text-gray-700\">\n\n\n\n    <section class=\"py-12 sm:py-16 bg-white\">\n        <div class=\"container mx-auto px-6 prose-custom max-w-4xl\">\n            <h2 class=\"text-center\">Querida comunidade,<\/h2><p>\n                    <section class=\"py-12 sm:py-1 bg-white\">\n        <div class=\"container mx-auto px-6 prose-custom max-w-4xl\">\n            <h2>De 29 de abril a 4 de maio \u2014 O Retiro Escravid\u00e3o e Liberdade no Brasil<\/h2>\n            \n        <\/div>\n    <\/section>\n\"Nosso Retiro foi uma travessia coletiva, constru\u00edda na escuta, no sil\u00eancio e na pr\u00e1tica, diante de uma hist\u00f3ria que, embora pare\u00e7a do passado, ainda reverbera fortemente no presente.\n<p>\nNossa jornada come\u00e7ou em Salvador, onde fomos recebidos no Convento Dom Amando, um espa\u00e7o de acolhimento inspirado na simplicidade e na compaix\u00e3o franciscana.\n<p>\nVisitamos a Escola Luiza Mahin, na comunidade de Santa Luzia \u2014 um espa\u00e7o de transforma\u00e7\u00e3o, cuidado e servi\u00e7o comunit\u00e1rio, onde pudemos colaborar nas atividades locais.\n<p>\nCaminhamos pelo Pelourinho, carregando a consci\u00eancia do que aquele lugar representa: beleza, resist\u00eancia e, tamb\u00e9m, dor e mem\u00f3ria. Participamos de uma missa na Igreja do Ros\u00e1rio dos Pretos, constru\u00edda pelas m\u00e3os de pessoas negras escravizadas, como s\u00edmbolo de f\u00e9, espiritualidade e for\u00e7a.\n<p>\nNo Instituto da Mulher Negra M\u00e3e Hilda Jitolu, na Senzala do Barro Preto, fomos recebidos em um encontro poderoso de di\u00e1logos ancestrais, partilhas e conex\u00e3o com a hist\u00f3ria viva da resist\u00eancia negra na Bahia.\n<p>\nSeguimos ent\u00e3o para o Rec\u00f4ncavo Baiano, onde visitamos o Quilombo Kaonge, mergulhando na for\u00e7a da vida em comunidade, nos saberes tradicionais, nas pr\u00e1ticas espirituais e na sabedoria que sustenta essa coletividade at\u00e9 os dias de hoje.\n<p>\nPelas trilhas da Rota da Liberdade, testemunhamos os legados do per\u00edodo colonial e da resist\u00eancia afrodescendente. No Convento de Santo Ant\u00f4nio do Paraguassu, realizamos cerim\u00f4nias memoriais interreligiosas, incluindo os \u201cPortais do Doce N\u00e9ctar\u201d, honrando todas as vidas marcadas por essa hist\u00f3ria.\n<p>\n\nE o que levamos disso tudo?\n<p>\nLevamos a confirma\u00e7\u00e3o de que este n\u00e3o \u00e9 um caminho para entender, mas para sentir. Para olhar, escutar e nos deixar transformar.\n<p>\nO Retiro n\u00e3o \u00e9 apenas sobre olhar o sofrimento. \u00c9 tamb\u00e9m sobre encontrar nele a for\u00e7a da vida, da cultura, da resist\u00eancia e da beleza que florescem, mesmo nas condi\u00e7\u00f5es mais adversas.\"\n\n    <\/section>\n\n  \n\n            <div class=\"grid grid-cols-2 md:grid-cols-3 gap-4 my-8 event-card\">\n                <a href=\"https:\/\/simpleschool.ch\/wp-content\/uploads\/2025\/05\/2025-04-29-Convento-Dom-Amando-02-scaled.jpg\" class=\"image-lightbox image-wrapper\">\n                    <img decoding=\"async\" src=\"https:\/\/simpleschool.ch\/wp-content\/uploads\/2025\/05\/2025-04-29-Convento-Dom-Amando-02-scaled.jpg\" alt=\"Convento Dom Amando\">\n                <\/a>\n                <a href=\"https:\/\/simpleschool.ch\/wp-content\/uploads\/2025\/05\/2025-04-30-Escola-Luiza-Mahin.jpg\" class=\"image-lightbox image-wrapper\">\n                    <img decoding=\"async\" src=\"https:\/\/simpleschool.ch\/wp-content\/uploads\/2025\/05\/2025-04-30-Escola-Luiza-Mahin.jpg\" alt=\"Escola Luiza Mahin\">\n                <\/a>\n                <a href=\"https:\/\/simpleschool.ch\/wp-content\/uploads\/2025\/05\/2025-05-02-Quilombo-Kaonge.jpg\" class=\"image-lightbox image-wrapper\">\n                    <img decoding=\"async\" src=\"https:\/\/simpleschool.ch\/wp-content\/uploads\/2025\/05\/2025-05-02-Quilombo-Kaonge.jpg\" alt=\"Quilombo Kaonge\">\n                <\/a>\n                <a href=\"https:\/\/simpleschool.ch\/wp-content\/uploads\/2025\/05\/2025-05-03-Retiro-Convento-Sto-Antonio-Paraguassu.jpg\" class=\"image-lightbox image-wrapper\">\n                    <img decoding=\"async\" src=\"https:\/\/simpleschool.ch\/wp-content\/uploads\/2025\/05\/2025-05-03-Retiro-Convento-Sto-Antonio-Paraguassu.jpg\" alt=\"Convento Santo Antonio Paraguassu\">\n                <\/a>\n\n                <a href=\"https:\/\/simpleschool.ch\/wp-content\/uploads\/2025\/05\/2025-05-04-CEBB-Reconcavo-Participantes-Retiro.jpg\" class=\"image-lightbox image-wrapper\">\n                    <img decoding=\"async\" src=\"https:\/\/simpleschool.ch\/wp-content\/uploads\/2025\/05\/2025-05-04-CEBB-Reconcavo-Participantes-Retiro.jpg\" alt=\"Participantes do Retiro no CEBB Rec\u00f4ncavo\">\n                <\/a>\n                                 <a href=\"https:\/\/simpleschool.ch\/wp-content\/uploads\/2025\/05\/2025-05-04-CEBB-Reconcavo-Participantes-Retiro.jpg\" class=\"image-lightbox image-wrapper\">\n                    <img decoding=\"async\" src=\"                https:\/\/simpleschool.ch\/wp-content\/uploads\/2025\/05\/WhatsApp-Image-2025-05-29-at-18.20.39.jpeg\" alt=\"Participantes do Retiro no CEBB Rec\u00f4ncavo\">\n                <\/a>\n\n                    \n            <\/div>\n\n            <h3>Todos os dias foram guiados pelos Tr\u00eas Princ\u00edpios dos Zen Peacemakers:<\/h3>\n            <ul>\n                <li>N\u00e3o Saber \u2014 abrir m\u00e3o das ideias fixas e dos julgamentos.<\/li>\n                <li>Plena Presen\u00e7a \u2014 estar por inteiro, no encontro com as belezas e as dores do mundo.<\/li>\n                <li>A\u00e7\u00e3o que emerge \u2014 deixar que o cuidado e o servi\u00e7o surjam do sil\u00eancio e da escuta.<\/li>\n            <\/ul>\n        <\/div>\n\n    \n\n\n\n\n    <script src=\"https:\/\/cdn.jsdelivr.net\/npm\/basiclightbox@5.0.4\/dist\/basicLightbox.min.js\"><\/script>\n    <script>\n        if (document.getElementById('currentYear')) {\n            document.getElementById('currentYear').textContent = new Date().getFullYear();\n        }\n\n        \/\/ Initialize basicLightbox\n        const lightboxLinks = document.querySelectorAll('a.image-lightbox');\n        \n        lightboxLinks.forEach(link => {\n            link.addEventListener('click', (e) => {\n                e.preventDefault();\n                const imageUrl = link.getAttribute('href');\n                const instance = basicLightbox.create(`<img decoding=\"async\" src=\"${imageUrl}\" style=\"max-width: 90vw; max-height: 90vh;\">`);\n                instance.show();\n            });\n        });\n    <\/script>\n\n<\/body>\n<\/html>\n\t\t\t\t<\/div>\n\t\t\t\t<\/div>\n\t\t\t\t\t<\/div>\n\t\t\t\t<\/div>\n\t\t\t\t<\/div>","protected":false},"excerpt":{"rendered":"<p>Ecos de uma Travessia | Jornada no Brasil: Monge Koho &#038; Monja Daien Querida comunidade, De 29 de abril a 4 de maio \u2014 O Retiro Escravid\u00e3o e Liberdade no Brasil &#8220;Nosso Retiro foi uma travessia coletiva, constru\u00edda na escuta, no sil\u00eancio e na pr\u00e1tica, diante de uma hist\u00f3ria que, embora pare\u00e7a do passado, ainda&hellip;&nbsp;<a href=\"https:\/\/zpbr.org\/en\/relato-retiro-2025\/\" rel=\"bookmark\"><span class=\"screen-reader-text\">relato retiro 2025<\/span><\/a><\/p>","protected":false},"author":1,"featured_media":0,"parent":0,"menu_order":0,"comment_status":"closed","ping_status":"closed","template":"elementor_header_footer","meta":{"neve_meta_sidebar":"","neve_meta_container":"","neve_meta_enable_content_width":"","neve_meta_content_width":0,"neve_meta_title_alignment":"","neve_meta_author_avatar":"","neve_post_elements_order":"","neve_meta_disable_header":"","neve_meta_disable_footer":"","neve_meta_disable_title":"","footnotes":""},"class_list":["post-308","page","type-page","status-publish","hentry"],"_links":{"self":[{"href":"https:\/\/zpbr.org\/en\/wp-json\/wp\/v2\/pages\/308","targetHints":{"allow":["GET"]}}],"collection":[{"href":"https:\/\/zpbr.org\/en\/wp-json\/wp\/v2\/pages"}],"about":[{"href":"https:\/\/zpbr.org\/en\/wp-json\/wp\/v2\/types\/page"}],"author":[{"embeddable":true,"href":"https:\/\/zpbr.org\/en\/wp-json\/wp\/v2\/users\/1"}],"replies":[{"embeddable":true,"href":"https:\/\/zpbr.org\/en\/wp-json\/wp\/v2\/comments?post=308"}],"version-history":[{"count":25,"href":"https:\/\/zpbr.org\/en\/wp-json\/wp\/v2\/pages\/308\/revisions"}],"predecessor-version":[{"id":348,"href":"https:\/\/zpbr.org\/en\/wp-json\/wp\/v2\/pages\/308\/revisions\/348"}],"wp:attachment":[{"href":"https:\/\/zpbr.org\/en\/wp-json\/wp\/v2\/media?parent=308"}],"curies":[{"name":"wp","href":"https:\/\/api.w.org\/{rel}","templated":true}]}}