{"id":340,"date":"2025-10-01T14:57:17","date_gmt":"2025-10-01T17:57:17","guid":{"rendered":"https:\/\/zpbr.org\/?page_id=340"},"modified":"2025-10-09T08:02:00","modified_gmt":"2025-10-09T11:02:00","slug":"home","status":"publish","type":"page","link":"https:\/\/zpbr.org\/en\/","title":{"rendered":"home"},"content":{"rendered":"<div data-elementor-type=\"wp-page\" data-elementor-id=\"340\" class=\"elementor elementor-340\" data-elementor-post-type=\"page\">\n\t\t\t\t<div class=\"elementor-element elementor-element-bd56921 e-con-full e-flex e-con e-parent\" data-id=\"bd56921\" data-element_type=\"container\" data-e-type=\"container\">\n\t\t\t\t<div class=\"elementor-element elementor-element-09af29f elementor-widget elementor-widget-html\" data-id=\"09af29f\" data-element_type=\"widget\" data-e-type=\"widget\" data-widget_type=\"html.default\">\n\t\t\t\t<div class=\"elementor-widget-container\">\n\t\t\t\t\t<!DOCTYPE html>\n<html lang=\"pt-BR\">\n<head>\n    <meta charset=\"UTF-8\">\n    <meta name=\"viewport\" content=\"width=device-width, initial-scale=1.0\">\n    <title>Nossa Vis\u00e3o, Prop\u00f3sito e Miss\u00e3o<\/title>\n    <script src=\"https:\/\/cdn.tailwindcss.com\"><\/script>\n    <link rel=\"preconnect\" href=\"https:\/\/fonts.googleapis.com\">\n    <link rel=\"preconnect\" href=\"https:\/\/fonts.gstatic.com\" crossorigin>\n    <link href=\"https:\/\/fonts.googleapis.com\/css2?family=Koho:wght@400;500;700&display=swap\" rel=\"stylesheet\">\n    <style>\n        body {\n            font-family: 'Koho', sans-serif;\n            background-color: #f8f9fa;\n        }\n        .card-hover {\n            transition: transform 0.3s ease, box-shadow 0.3s ease;\n        }\n        .card-hover:hover {\n            transform: translateY(-8px);\n            box-shadow: 0 20px 25px -5px rgb(0 0 0 \/ 0.1), 0 8px 10px -6px rgb(0 0 0 \/ 0.1);\n        }\n    <\/style>\n<\/head>\n<body class=\"text-gray-800\">\n\n    <!-- Hero Section -->\n    <div class=\"relative h-screen bg-cover bg-top\" style=\"background-image: url('https:\/\/zpbr.org\/wp-content\/uploads\/2025\/10\/Alpes-background-scaled.jpg');\">\n        <div class=\"absolute inset-0 bg-black bg-opacity-50\"><\/div>\n        <div class=\"relative container mx-auto h-full flex flex-col justify-center items-center text-white text-center p-4\">\n            <h1 class=\"text-4xl md:text-6xl font-bold\" style=\"text-shadow: 2px 2px 4px rgba(0,0,0,0.5);\">Nossos Fundamentos<\/h1>\n            <p class=\"text-lg md:text-xl mt-4 max-w-2xl\" style=\"text-shadow: 1px 1px 2px rgba(0,0,0,0.5);\">A base que inspira e motiva nossas a\u00e7\u00f5es.<\/p>\n        <\/div>\n    <\/div>\n\n    <!-- Main Container -->\n    <div class=\"container mx-auto max-w-4xl p-4 md:p-8\">\n        \n        <!-- Sections Grid -->\n        <div class=\"space-y-4\">\n\n            <!-- Vis\u00e3o Section -->\n            <div class=\"bg-white p-8 rounded-2xl shadow-lg flex items-start space-x-6 card-hover\">\n                <div class=\"flex-shrink-0\">\n                    <div class=\"bg-gray-100 p-4 rounded-full\">\n                        <svg xmlns=\"http:\/\/www.w3.org\/2000\/svg\" class=\"h-8 w-8 text-gray-600\" fill=\"none\" viewbox=\"0 0 24 24\" stroke=\"currentColor\" stroke-width=\"2\">\n                            <path stroke-linecap=\"round\" stroke-linejoin=\"round\" d=\"M15 12a3 3 0 11-6 0 3 3 0 016 0z\" \/>\n                            <path stroke-linecap=\"round\" stroke-linejoin=\"round\" d=\"M2.458 12C3.732 7.943 7.523 5 12 5c4.478 0 8.268 2.943 9.542 7-1.274 4.057-5.064 7-9.542 7-4.477 0-8.268-2.943-9.542-7z\" \/>\n                        <\/svg>\n                    <\/div>\n                <\/div>\n                <div>\n                    <h2 class=\"text-3xl font-bold text-gray-900 mb-3\">Vis\u00e3o<\/h2>\n                    <p class=\"text-lg text-gray-700 leading-relaxed\">\n                        A Vis\u00e3o que inspira e motiva nossas a\u00e7\u00f5es \u00e9 de um mundo harmonioso, onde a sabedoria e a compaix\u00e3o substituem as causas e condi\u00e7\u00f5es dos sofrimentos, todos os seres vivem em paz e harmonia, livres da fome, das doen\u00e7as, da guerra, da falta de dignidade e dos impactos dos desequil\u00edbrios ambientais.\n                    <\/p>\n                <\/div>\n            <\/div>\n            \n            <!-- Divider -->\n            <div class=\"py-6 flex justify-center items-center\">\n                <div class=\"w-16 h-1 bg-gray-200 rounded-full\"><\/div>\n            <\/div>\n\n            <!-- Prop\u00f3sito Section -->\n            <div class=\"bg-white p-8 rounded-2xl shadow-lg flex items-start space-x-6 card-hover\">\n                <div class=\"flex-shrink-0\">\n                    <div class=\"bg-gray-100 p-4 rounded-full\">\n                        <svg xmlns=\"http:\/\/www.w3.org\/2000\/svg\" class=\"h-8 w-8 text-gray-600\" fill=\"none\" viewbox=\"0 0 24 24\" stroke=\"currentColor\" stroke-width=\"2\">\n                            <path stroke-linecap=\"round\" stroke-linejoin=\"round\" d=\"M12 21a9 9 0 100-18 9 9 0 000 18z\" \/>\n                            <path stroke-linecap=\"round\" stroke-linejoin=\"round\" d=\"M9 12a3 3 0 116 0 3 3 0 01-6 0z\" \/>\n                        <\/svg>\n                    <\/div>\n                <\/div>\n                <div>\n                    <h2 class=\"text-3xl font-bold text-gray-900 mb-3\">Prop\u00f3sito<\/h2>\n                    <p class=\"text-lg text-gray-700 leading-relaxed\">\n                        Nosso prop\u00f3sito \u00e9 formar, apoiar e nutrir uma comunidade atuante no Brasil, a qual participa de uma rede mundial de praticantes espirituais socialmente engajados que se dedicam a transformar as causas do sofrimento pessoal e social em sabedoria, compaix\u00e3o e lucidez.\n                    <\/p>\n                <\/div>\n            <\/div>\n\n            <!-- Divider -->\n            <div class=\"py-6 flex justify-center items-center\">\n                <div class=\"w-16 h-1 bg-gray-200 rounded-full\"><\/div>\n            <\/div>\n\n            <!-- Miss\u00e3o Section -->\n            <div class=\"bg-white p-8 rounded-2xl shadow-lg flex items-start space-x-6 card-hover\">\n                <div class=\"flex-shrink-0\">\n                    <div class=\"bg-gray-100 p-4 rounded-full\">\n                        <svg xmlns=\"http:\/\/www.w3.org\/2000\/svg\" class=\"h-8 w-8 text-gray-600\" fill=\"none\" viewbox=\"0 0 24 24\" stroke=\"currentColor\" stroke-width=\"2\">\n                            <path stroke-linecap=\"round\" stroke-linejoin=\"round\" d=\"M3 21v-4m0 0V5a2 2 0 012-2h6.5l1 1H21l-3 6 3 6H8.5l-1-1H5a2 2 0 00-2 2zm9-13.5V9\" \/>\n                        <\/svg>\n                    <\/div>\n                <\/div>\n                <div>\n                    <h2 class=\"text-3xl font-bold text-gray-900 mb-3\">Miss\u00e3o<\/h2>\n                    <p class=\"text-lg text-gray-700 leading-relaxed\">\n                        Nossa miss\u00e3o \u00e9 promover, apoiar e participar de atividades que visem a supera\u00e7\u00e3o das causas estruturais e conjunturais dos sofrimentos individuais e coletivos e a promo\u00e7\u00e3o da paz, sabedoria, compaix\u00e3o, dignidade e harmonia com a Terra e todos os seres.\n                    <\/p>\n                <\/div>\n            <\/div>\n            \n            <!-- Divider -->\n            <div class=\"py-6 flex justify-center items-center\">\n                <div class=\"w-16 h-1 bg-gray-200 rounded-full\"><\/div>\n            <\/div>\n\n            <!-- Pilares Section -->\n            <div class=\"bg-white p-8 rounded-2xl shadow-lg flex items-start space-x-6 card-hover\">\n                 <div class=\"flex-shrink-0\">\n                    <div class=\"bg-gray-100 p-4 rounded-full\">\n                        <svg xmlns=\"http:\/\/www.w3.org\/2000\/svg\" class=\"h-8 w-8 text-gray-600\" fill=\"none\" viewbox=\"0 0 24 24\" stroke=\"currentColor\" stroke-width=\"2\">\n                            <path stroke-linecap=\"round\" stroke-linejoin=\"round\" d=\"M8 14v3m4-3v3m4-3v3M3 21h18M3 10h18M3 7l9-4 9 4M4 10h16v11H4V10z\" \/>\n                        <\/svg>\n                    <\/div>\n                <\/div>\n                <div>\n                    <h2 class=\"text-3xl font-bold text-gray-900 mb-3\">Pilares<\/h2>\n                    <p class=\"text-lg text-gray-700 leading-relaxed\">\n                        As pr\u00e1ticas fundamentais que sustentam nosso cuidado com a Terra sagrada e os in\u00fameros seres s\u00e3o: os Tr\u00eas Princ\u00edpios e as refer\u00eancias \u00e9ticas dos Zen Peacemakers, a Mandala das Cinco Sabedorias, a amizade espiritual, o di\u00e1logo inter-religioso, a Ordem da Desordem e a a\u00e7\u00e3o social contemplativa.\n                    <\/p>\n                <\/div>\n            <\/div>\n\n        <\/div>\n    <\/div>\n\n\n\n<\/body>\n<\/html>\n\n\t\t\t\t<\/div>\n\t\t\t\t<\/div>\n\t\t\t\t<\/div>\n\t\t\t\t<\/div>","protected":false},"excerpt":{"rendered":"<p>Nossa Vis\u00e3o, Prop\u00f3sito e Miss\u00e3o Nossos Fundamentos A base que inspira e motiva nossas a\u00e7\u00f5es. Vis\u00e3o A Vis\u00e3o que inspira e motiva nossas a\u00e7\u00f5es \u00e9 de um mundo harmonioso, onde a sabedoria e a compaix\u00e3o substituem as causas e condi\u00e7\u00f5es dos sofrimentos, todos os seres vivem em paz e harmonia, livres da fome, das doen\u00e7as,&hellip;&nbsp;<a href=\"https:\/\/zpbr.org\/en\/\" rel=\"bookmark\"><span class=\"screen-reader-text\">home<\/span><\/a><\/p>","protected":false},"author":1,"featured_media":0,"parent":0,"menu_order":0,"comment_status":"closed","ping_status":"closed","template":"page-templates\/template-pagebuilder-full-width.php","meta":{"neve_meta_sidebar":"","neve_meta_container":"","neve_meta_enable_content_width":"","neve_meta_content_width":0,"neve_meta_title_alignment":"","neve_meta_author_avatar":"","neve_post_elements_order":"","neve_meta_disable_header":"","neve_meta_disable_footer":"","neve_meta_disable_title":"","footnotes":""},"class_list":["post-340","page","type-page","status-publish","hentry"],"_links":{"self":[{"href":"https:\/\/zpbr.org\/en\/wp-json\/wp\/v2\/pages\/340","targetHints":{"allow":["GET"]}}],"collection":[{"href":"https:\/\/zpbr.org\/en\/wp-json\/wp\/v2\/pages"}],"about":[{"href":"https:\/\/zpbr.org\/en\/wp-json\/wp\/v2\/types\/page"}],"author":[{"embeddable":true,"href":"https:\/\/zpbr.org\/en\/wp-json\/wp\/v2\/users\/1"}],"replies":[{"embeddable":true,"href":"https:\/\/zpbr.org\/en\/wp-json\/wp\/v2\/comments?post=340"}],"version-history":[{"count":40,"href":"https:\/\/zpbr.org\/en\/wp-json\/wp\/v2\/pages\/340\/revisions"}],"predecessor-version":[{"id":400,"href":"https:\/\/zpbr.org\/en\/wp-json\/wp\/v2\/pages\/340\/revisions\/400"}],"wp:attachment":[{"href":"https:\/\/zpbr.org\/en\/wp-json\/wp\/v2\/media?parent=340"}],"curies":[{"name":"wp","href":"https:\/\/api.w.org\/{rel}","templated":true}]}}